{"id":178,"date":"2025-09-26T01:11:35","date_gmt":"2025-09-26T01:11:35","guid":{"rendered":"https:\/\/dariocarneiro.com.br\/?page_id=178"},"modified":"2026-01-29T15:58:11","modified_gmt":"2026-01-29T15:58:11","slug":"contato","status":"publish","type":"page","link":"https:\/\/dariocarneiro.com.br\/en\/contato\/","title":{"rendered":"Contact"},"content":{"rendered":"<div data-elementor-type=\"wp-page\" data-elementor-id=\"178\" class=\"elementor elementor-178\" data-elementor-post-type=\"page\">\n\t\t\t\t<div class=\"elementor-element elementor-element-cc5c446 e-con-full e-flex e-con e-parent\" data-id=\"cc5c446\" data-element_type=\"container\" data-e-type=\"container\" data-settings=\"{&quot;background_background&quot;:&quot;gradient&quot;}\">\n\t\t<div class=\"elementor-element elementor-element-762d11c e-con-full e-flex e-con e-child\" data-id=\"762d11c\" data-element_type=\"container\" data-e-type=\"container\" data-settings=\"{&quot;background_background&quot;:&quot;classic&quot;}\">\n\t\t<div class=\"elementor-element elementor-element-5d10c58 e-con-full e-flex e-con e-child\" data-id=\"5d10c58\" data-element_type=\"container\" data-e-type=\"container\">\n\t\t\t\t<div class=\"elementor-element elementor-element-d5b8eb0 elementor-widget elementor-widget-breadcrumbs\" data-id=\"d5b8eb0\" data-element_type=\"widget\" data-e-type=\"widget\" data-widget_type=\"breadcrumbs.default\">\n\t\t\t\t\t<p id=\"breadcrumbs\"><span><span><a href=\"https:\/\/dariocarneiro.com.br\/en\/\">Home<\/a><\/span><\/span><\/p>\t\t\t\t<\/div>\n\t\t\t\t<div class=\"elementor-element elementor-element-07574fd elementor-widget__width-initial elementor-invisible elementor-widget elementor-widget-heading\" data-id=\"07574fd\" data-element_type=\"widget\" data-e-type=\"widget\" data-settings=\"{&quot;_animation&quot;:&quot;fadeIn&quot;}\" data-widget_type=\"heading.default\">\n\t\t\t\t\t<h3 class=\"elementor-heading-title elementor-size-default\">CONTACT<\/h3>\t\t\t\t<\/div>\n\t\t\t\t<div class=\"elementor-element elementor-element-68fa75d elementor-widget__width-initial elementor-invisible elementor-widget elementor-widget-heading\" data-id=\"68fa75d\" data-element_type=\"widget\" data-e-type=\"widget\" data-settings=\"{&quot;_animation&quot;:&quot;fadeIn&quot;}\" data-widget_type=\"heading.default\">\n\t\t\t\t\t<h2 class=\"elementor-heading-title elementor-size-default\">Your legal security with peace of mind.<\/h2>\t\t\t\t<\/div>\n\t\t\t\t<div class=\"elementor-element elementor-element-49509ed elementor-widget__width-initial elementor-invisible elementor-widget elementor-widget-heading\" data-id=\"49509ed\" data-element_type=\"widget\" data-e-type=\"widget\" data-settings=\"{&quot;_animation&quot;:&quot;fadeIn&quot;}\" data-widget_type=\"heading.default\">\n\t\t\t\t\t<p class=\"elementor-heading-title elementor-size-default\">Contact us for clear, safe, and strategic guidance.<\/p>\t\t\t\t<\/div>\n\t\t\t\t<div class=\"elementor-element elementor-element-5911914 elementor-widget__width-initial elementor-widget-divider--view-line elementor-invisible elementor-widget elementor-widget-divider\" data-id=\"5911914\" data-element_type=\"widget\" data-e-type=\"widget\" data-settings=\"{&quot;_animation&quot;:&quot;fadeIn&quot;}\" data-widget_type=\"divider.default\">\n\t\t\t\t\t\t\t<div class=\"elementor-divider\">\n\t\t\t<span class=\"elementor-divider-separator\">\n\t\t\t\t\t\t<\/span>\n\t\t<\/div>\n\t\t\t\t\t\t<\/div>\n\t\t\t\t<div class=\"elementor-element elementor-element-24d9ac1 elementor-align-start elementor-icon-list--layout-traditional elementor-list-item-link-full_width elementor-widget elementor-widget-icon-list\" data-id=\"24d9ac1\" data-element_type=\"widget\" data-e-type=\"widget\" data-widget_type=\"icon-list.default\">\n\t\t\t\t\t\t\t<ul class=\"elementor-icon-list-items\">\n\t\t\t\t\t\t\t<li class=\"elementor-icon-list-item\">\n\t\t\t\t\t\t\t\t\t\t\t<span class=\"elementor-icon-list-icon\">\n\t\t\t\t\t\t\t<svg xmlns=\"http:\/\/www.w3.org\/2000\/svg\" id=\"Layer_1\" data-name=\"Layer 1\" viewbox=\"0 0 24 24\" width=\"512\" height=\"512\"><path d=\"m23.5,11c-.276,0-.5-.224-.5-.5,0-5.238-4.262-9.5-9.5-9.5-.276,0-.5-.224-.5-.5s.224-.5.5-.5c5.79,0,10.5,4.71,10.5,10.5,0,.276-.224.5-.5.5Zm-3.5-.5c0-3.584-2.916-6.5-6.5-6.5-.276,0-.5.224-.5.5s.224.5.5.5c3.033,0,5.5,2.467,5.5,5.5,0,.276.224.5.5.5s.5-.224.5-.5Zm2.234,11.771l.978-1.125c.508-.508.788-1.184.788-1.902s-.28-1.395-.837-1.945l-2.446-1.873c-1.048-1.048-2.753-1.049-3.803-.003l-1.532,1.494c-3.68-1.499-6.678-4.5-8.294-8.303l1.488-1.525c1.049-1.049,1.049-2.756.043-3.756l-1.959-2.543c-1.017-1.017-2.813-.993-3.78-.023l-1.174,1.024C.605,2.886,0,4.373,0,5.976c0,7.749,10.275,18.024,18.024,18.024,1.603,0,3.089-.605,4.21-1.729ZM5.909,1.446l1.959,2.543c.659.659.659,1.732-.004,2.396l-1.722,1.766c-.138.142-.18.352-.106.536,1.729,4.305,5.113,7.688,9.286,9.28.182.07.388.027.527-.108l1.766-1.722s.003-.003.004-.005c.639-.64,1.704-.681,2.44.043l2.446,1.873c.659.659.659,1.731-.023,2.416l-.979,1.125c-.908.91-2.144,1.411-3.479,1.411C10.864,23,1,13.136,1,5.976c0-1.335.501-2.571,1.387-3.456l1.175-1.025c.336-.336.779-.5,1.215-.5.419,0,.831.152,1.133.452Z\"><\/path><\/svg>\t\t\t\t\t\t<\/span>\n\t\t\t\t\t\t\t\t\t\t<span class=\"elementor-icon-list-text\">+55 11 99413-3461<\/span>\n\t\t\t\t\t\t\t\t\t<\/li>\n\t\t\t\t\t\t\t\t<li class=\"elementor-icon-list-item\">\n\t\t\t\t\t\t\t\t\t\t\t<span class=\"elementor-icon-list-icon\">\n\t\t\t\t\t\t\t<svg xmlns=\"http:\/\/www.w3.org\/2000\/svg\" id=\"Layer_1\" data-name=\"Layer 1\" viewbox=\"0 0 24 24\"><path d=\"M19.5,2H4.5C2.019,2,0,4.019,0,6.5v11c0,2.481,2.019,4.5,4.5,4.5h15c2.481,0,4.5-2.019,4.5-4.5V6.5c0-2.481-2.019-4.5-4.5-4.5ZM4.5,3h15c1.084,0,2.043,.506,2.686,1.283l-7.691,7.692c-.662,.661-1.557,1.025-2.497,1.025-.914-.017-1.826-.36-2.492-1.025L1.814,4.283c.643-.777,1.601-1.283,2.686-1.283Zm18.5,14.5c0,1.93-1.57,3.5-3.5,3.5H4.5c-1.93,0-3.5-1.57-3.5-3.5V6.5c0-.477,.097-.931,.271-1.346l7.528,7.528c.851,.851,1.98,1.318,3.177,1.318s2.375-.467,3.226-1.318l7.528-7.528c.174,.415,.271,.869,.271,1.346v11Z\"><\/path><\/svg>\t\t\t\t\t\t<\/span>\n\t\t\t\t\t\t\t\t\t\t<span class=\"elementor-icon-list-text\">contato@dcarneiro.com<\/span>\n\t\t\t\t\t\t\t\t\t<\/li>\n\t\t\t\t\t\t<\/ul>\n\t\t\t\t\t\t<\/div>\n\t\t\t\t<div class=\"elementor-element elementor-element-861ab07 elementor-widget elementor-widget-spacer\" data-id=\"861ab07\" data-element_type=\"widget\" data-e-type=\"widget\" data-widget_type=\"spacer.default\">\n\t\t\t\t\t\t\t<div class=\"elementor-spacer\">\n\t\t\t<div class=\"elementor-spacer-inner\"><\/div>\n\t\t<\/div>\n\t\t\t\t\t\t<\/div>\n\t\t\t\t<\/div>\n\t\t\t\t<\/div>\n\t\t<div class=\"elementor-element elementor-element-b7b9aad e-con-full e-flex e-con e-child\" data-id=\"b7b9aad\" data-element_type=\"container\" data-e-type=\"container\" data-settings=\"{&quot;background_background&quot;:&quot;classic&quot;}\">\n\t\t\t\t<div class=\"elementor-element elementor-element-b45191b elementor-button-align-stretch elementor-widget elementor-widget-form\" data-id=\"b45191b\" data-element_type=\"widget\" data-e-type=\"widget\" data-settings=\"{&quot;step_next_label&quot;:&quot;Pr\\u00f3ximo&quot;,&quot;step_previous_label&quot;:&quot;Anterior&quot;,&quot;button_width&quot;:&quot;100&quot;,&quot;step_type&quot;:&quot;number_text&quot;,&quot;step_icon_shape&quot;:&quot;circle&quot;}\" data-widget_type=\"form.default\">\n\t\t\t\t\t\t\t<form class=\"elementor-form\" method=\"post\" name=\"Novo formul\u00e1rio\" aria-label=\"New form\" action=\"\">\n\t\t\t<input type=\"hidden\" name=\"post_id\" value=\"178\"\/>\n\t\t\t<input type=\"hidden\" name=\"form_id\" value=\"b45191b\"\/>\n\t\t\t<input type=\"hidden\" name=\"referer_title\" value=\"Contato - Dario Carneiro Advocacia\" \/>\n\n\t\t\t\t\t\t\t<input type=\"hidden\" name=\"queried_id\" value=\"178\"\/>\n\t\t\t\n\t\t\t<div class=\"elementor-form-fields-wrapper elementor-labels-above\">\n\t\t\t\t\t\t\t\t<div class=\"elementor-field-type-text elementor-field-group elementor-column elementor-field-group-name elementor-col-100\">\n\t\t\t\t\t\t\t\t\t\t\t\t<label for=\"form-field-name\" class=\"elementor-field-label\">\n\t\t\t\t\t\t\t\tName\t\t\t\t\t\t\t<\/label>\n\t\t\t\t\t\t\t\t\t\t\t\t\t\t<input size=\"1\" type=\"text\" name=\"form_fields[name]\" id=\"form-field-name\" class=\"elementor-field elementor-size-sm  elementor-field-textual\" placeholder=\"Your full name\">\n\t\t\t\t\t\t\t\t\t\t\t<\/div>\n\t\t\t\t\t\t\t\t<div class=\"elementor-field-type-email elementor-field-group elementor-column elementor-field-group-email elementor-col-100 elementor-field-required\">\n\t\t\t\t\t\t\t\t\t\t\t\t<label for=\"form-field-email\" class=\"elementor-field-label\">\n\t\t\t\t\t\t\t\tE-mail\t\t\t\t\t\t\t<\/label>\n\t\t\t\t\t\t\t\t\t\t\t\t\t\t<input size=\"1\" type=\"email\" name=\"form_fields[email]\" id=\"form-field-email\" class=\"elementor-field elementor-size-sm  elementor-field-textual\" placeholder=\"Enter your email\" required=\"required\">\n\t\t\t\t\t\t\t\t\t\t\t<\/div>\n\t\t\t\t\t\t\t\t<div class=\"elementor-field-type-textarea elementor-field-group elementor-column elementor-field-group-message elementor-col-100\">\n\t\t\t\t\t\t\t\t\t\t\t\t<label for=\"form-field-message\" class=\"elementor-field-label\">\n\t\t\t\t\t\t\t\tMessage\t\t\t\t\t\t\t<\/label>\n\t\t\t\t\t\t<textarea class=\"elementor-field-textual elementor-field  elementor-size-sm\" name=\"form_fields[message]\" id=\"form-field-message\" rows=\"4\" placeholder=\"Briefly describe your legal question or need...\"><\/textarea>\t\t\t\t<\/div>\n\t\t\t\t\t\t\t\t<div class=\"elementor-field-type-acceptance elementor-field-group elementor-column elementor-field-group-field_0e2c2b6 elementor-col-100\">\n\t\t\t\t\t\t\t<div class=\"elementor-field-subgroup\">\n\t\t\t<span class=\"elementor-field-option\">\n\t\t\t\t<input type=\"checkbox\" name=\"form_fields[field_0e2c2b6]\" id=\"form-field-field_0e2c2b6\" class=\"elementor-field elementor-size-sm  elementor-acceptance-field\">\n\t\t\t\t<label for=\"form-field-field_0e2c2b6\">I agree to receive communications from Dario Carneiro Advocacia.<\/label>\t\t\t<\/span>\n\t\t<\/div>\n\t\t\t\t\t\t<\/div>\n\t\t\t\t\t\t\t\t<div class=\"elementor-field-group elementor-column elementor-field-type-submit elementor-col-100 e-form__buttons\">\n\t\t\t\t\t<button class=\"elementor-button elementor-size-sm\" type=\"submit\">\n\t\t\t\t\t\t<span class=\"elementor-button-content-wrapper\">\n\t\t\t\t\t\t\t\t\t\t\t\t\t\t\t\t\t\t\t\t\t\t<span class=\"elementor-button-text\">Send message<\/span>\n\t\t\t\t\t\t\t\t\t\t\t\t\t<\/span>\n\t\t\t\t\t<\/button>\n\t\t\t\t<\/div>\n\t\t\t<\/div>\n\t\t<input type=\"hidden\" name=\"trp-form-language\" value=\"en\"\/><\/form>\n\t\t\t\t\t\t<\/div>\n\t\t\t\t<\/div>\n\t\t\t\t<\/div>\n\t\t\t\t<\/div>","protected":false},"excerpt":{"rendered":"<p>CONTATO Sua seguran\u00e7a jur\u00eddica com tranquilidade. Entre em contato para orienta\u00e7\u00e3o clara, segura e estrat\u00e9gica. +55 11 99413-3461 contato@dcarneiro.com<\/p>","protected":false},"author":1,"featured_media":0,"parent":0,"menu_order":0,"comment_status":"closed","ping_status":"closed","template":"","meta":{"_acf_changed":false,"footnotes":""},"class_list":["post-178","page","type-page","status-publish","hentry"],"acf":[],"yoast_head":"<!-- This site is optimized with the Yoast SEO plugin v26.9 - https:\/\/yoast.com\/product\/yoast-seo-wordpress\/ -->\n<title>Contato - Dario Carneiro Advocacia<\/title>\n<meta name=\"robots\" content=\"index, follow, max-snippet:-1, max-image-preview:large, max-video-preview:-1\" \/>\n<link rel=\"canonical\" href=\"https:\/\/dariocarneiro.com.br\/en\/contato\/\" \/>\n<meta property=\"og:locale\" content=\"en_US\" \/>\n<meta property=\"og:type\" content=\"article\" \/>\n<meta property=\"og:title\" content=\"Contato - Dario Carneiro Advocacia\" \/>\n<meta property=\"og:description\" content=\"CONTATO Sua seguran\u00e7a jur\u00eddica com tranquilidade. Entre em contato para orienta\u00e7\u00e3o clara, segura e estrat\u00e9gica. +55 11 99413-3461 contato@dcarneiro.com\" \/>\n<meta property=\"og:url\" content=\"https:\/\/dariocarneiro.com.br\/en\/contato\/\" \/>\n<meta property=\"og:site_name\" content=\"Dario Carneiro Advocacia\" \/>\n<meta property=\"article:modified_time\" content=\"2026-01-29T15:58:11+00:00\" \/>\n<meta name=\"twitter:card\" content=\"summary_large_image\" \/>\n<meta name=\"twitter:label1\" content=\"Est. reading time\" \/>\n\t<meta name=\"twitter:data1\" content=\"1 minute\" \/>\n<script type=\"application\/ld+json\" class=\"yoast-schema-graph\">{\"@context\":\"https:\/\/schema.org\",\"@graph\":[{\"@type\":\"WebPage\",\"@id\":\"https:\/\/dariocarneiro.com.br\/contato\/\",\"url\":\"https:\/\/dariocarneiro.com.br\/contato\/\",\"name\":\"Contato - Dario Carneiro Advocacia\",\"isPartOf\":{\"@id\":\"https:\/\/dariocarneiro.com.br\/#website\"},\"datePublished\":\"2025-09-26T01:11:35+00:00\",\"dateModified\":\"2026-01-29T15:58:11+00:00\",\"breadcrumb\":{\"@id\":\"https:\/\/dariocarneiro.com.br\/contato\/#breadcrumb\"},\"inLanguage\":\"en-US\",\"potentialAction\":[{\"@type\":\"ReadAction\",\"target\":[\"https:\/\/dariocarneiro.com.br\/contato\/\"]}]},{\"@type\":\"BreadcrumbList\",\"@id\":\"https:\/\/dariocarneiro.com.br\/contato\/#breadcrumb\",\"itemListElement\":[{\"@type\":\"ListItem\",\"position\":1,\"name\":\"Home\",\"item\":\"https:\/\/dariocarneiro.com.br\/\"},{\"@type\":\"ListItem\",\"position\":2,\"name\":\"Contato\"}]},{\"@type\":\"WebSite\",\"@id\":\"https:\/\/dariocarneiro.com.br\/#website\",\"url\":\"https:\/\/dariocarneiro.com.br\/\",\"name\":\"Dario Carneiro Advocacia\",\"description\":\"Dario Carneiro Advocacia \u00e9 especialista em lit\u00edgios estrat\u00e9gicos e contratos complexos, protegendo seu patrim\u00f4nio com experi\u00eancia, \u00e9tica e solu\u00e7\u00f5es sob medida.\",\"publisher\":{\"@id\":\"https:\/\/dariocarneiro.com.br\/#organization\"},\"potentialAction\":[{\"@type\":\"SearchAction\",\"target\":{\"@type\":\"EntryPoint\",\"urlTemplate\":\"https:\/\/dariocarneiro.com.br\/?s={search_term_string}\"},\"query-input\":{\"@type\":\"PropertyValueSpecification\",\"valueRequired\":true,\"valueName\":\"search_term_string\"}}],\"inLanguage\":\"en-US\"},{\"@type\":\"Organization\",\"@id\":\"https:\/\/dariocarneiro.com.br\/#organization\",\"name\":\"Dario Carneiro Advocacia\",\"url\":\"https:\/\/dariocarneiro.com.br\/\",\"logo\":{\"@type\":\"ImageObject\",\"inLanguage\":\"en-US\",\"@id\":\"https:\/\/dariocarneiro.com.br\/#\/schema\/logo\/image\/\",\"url\":\"https:\/\/dariocarneiro.com.br\/wp-content\/uploads\/2025\/09\/DARIO2W_LOGOAsset-4.svg\",\"contentUrl\":\"https:\/\/dariocarneiro.com.br\/wp-content\/uploads\/2025\/09\/DARIO2W_LOGOAsset-4.svg\",\"width\":387,\"height\":110,\"caption\":\"Dario Carneiro Advocacia\"},\"image\":{\"@id\":\"https:\/\/dariocarneiro.com.br\/#\/schema\/logo\/image\/\"}}]}<\/script>\n<!-- \/ Yoast SEO plugin. -->","yoast_head_json":{"title":"Contato - Dario Carneiro Advocacia","robots":{"index":"index","follow":"follow","max-snippet":"max-snippet:-1","max-image-preview":"max-image-preview:large","max-video-preview":"max-video-preview:-1"},"canonical":"https:\/\/dariocarneiro.com.br\/en\/contato\/","og_locale":"en_US","og_type":"article","og_title":"Contato - Dario Carneiro Advocacia","og_description":"CONTATO Sua seguran\u00e7a jur\u00eddica com tranquilidade. Entre em contato para orienta\u00e7\u00e3o clara, segura e estrat\u00e9gica. +55 11 99413-3461 contato@dcarneiro.com","og_url":"https:\/\/dariocarneiro.com.br\/en\/contato\/","og_site_name":"Dario Carneiro Advocacia","article_modified_time":"2026-01-29T15:58:11+00:00","twitter_card":"summary_large_image","twitter_misc":{"Est. reading time":"1 minute"},"schema":{"@context":"https:\/\/schema.org","@graph":[{"@type":"WebPage","@id":"https:\/\/dariocarneiro.com.br\/contato\/","url":"https:\/\/dariocarneiro.com.br\/contato\/","name":"Contato - Dario Carneiro Advocacia","isPartOf":{"@id":"https:\/\/dariocarneiro.com.br\/#website"},"datePublished":"2025-09-26T01:11:35+00:00","dateModified":"2026-01-29T15:58:11+00:00","breadcrumb":{"@id":"https:\/\/dariocarneiro.com.br\/contato\/#breadcrumb"},"inLanguage":"en-US","potentialAction":[{"@type":"ReadAction","target":["https:\/\/dariocarneiro.com.br\/contato\/"]}]},{"@type":"BreadcrumbList","@id":"https:\/\/dariocarneiro.com.br\/contato\/#breadcrumb","itemListElement":[{"@type":"ListItem","position":1,"name":"Home","item":"https:\/\/dariocarneiro.com.br\/"},{"@type":"ListItem","position":2,"name":"Contato"}]},{"@type":"WebSite","@id":"https:\/\/dariocarneiro.com.br\/#website","url":"https:\/\/dariocarneiro.com.br\/","name":"Dario Carneiro Law Firm","description":"Dario Carneiro Advocacia \u00e9 especialista em lit\u00edgios estrat\u00e9gicos e contratos complexos, protegendo seu patrim\u00f4nio com experi\u00eancia, \u00e9tica e solu\u00e7\u00f5es sob medida.","publisher":{"@id":"https:\/\/dariocarneiro.com.br\/#organization"},"potentialAction":[{"@type":"SearchAction","target":{"@type":"EntryPoint","urlTemplate":"https:\/\/dariocarneiro.com.br\/?s={search_term_string}"},"query-input":{"@type":"PropertyValueSpecification","valueRequired":true,"valueName":"search_term_string"}}],"inLanguage":"en-US"},{"@type":"Organization","@id":"https:\/\/dariocarneiro.com.br\/#organization","name":"Dario Carneiro Law Firm","url":"https:\/\/dariocarneiro.com.br\/","logo":{"@type":"ImageObject","inLanguage":"en-US","@id":"https:\/\/dariocarneiro.com.br\/#\/schema\/logo\/image\/","url":"https:\/\/dariocarneiro.com.br\/wp-content\/uploads\/2025\/09\/DARIO2W_LOGOAsset-4.svg","contentUrl":"https:\/\/dariocarneiro.com.br\/wp-content\/uploads\/2025\/09\/DARIO2W_LOGOAsset-4.svg","width":387,"height":110,"caption":"Dario Carneiro Advocacia"},"image":{"@id":"https:\/\/dariocarneiro.com.br\/#\/schema\/logo\/image\/"}}]}},"_links":{"self":[{"href":"https:\/\/dariocarneiro.com.br\/en\/wp-json\/wp\/v2\/pages\/178","targetHints":{"allow":["GET"]}}],"collection":[{"href":"https:\/\/dariocarneiro.com.br\/en\/wp-json\/wp\/v2\/pages"}],"about":[{"href":"https:\/\/dariocarneiro.com.br\/en\/wp-json\/wp\/v2\/types\/page"}],"author":[{"embeddable":true,"href":"https:\/\/dariocarneiro.com.br\/en\/wp-json\/wp\/v2\/users\/1"}],"replies":[{"embeddable":true,"href":"https:\/\/dariocarneiro.com.br\/en\/wp-json\/wp\/v2\/comments?post=178"}],"version-history":[{"count":0,"href":"https:\/\/dariocarneiro.com.br\/en\/wp-json\/wp\/v2\/pages\/178\/revisions"}],"wp:attachment":[{"href":"https:\/\/dariocarneiro.com.br\/en\/wp-json\/wp\/v2\/media?parent=178"}],"curies":[{"name":"wp","href":"https:\/\/api.w.org\/{rel}","templated":true}]}}